{"id":60,"date":"2025-04-27T18:43:15","date_gmt":"2025-04-27T18:43:15","guid":{"rendered":"https:\/\/mls-musical.de\/?page_id=60"},"modified":"2025-06-06T18:46:40","modified_gmt":"2025-06-06T18:46:40","slug":"auftritte","status":"publish","type":"page","link":"https:\/\/mls-musical.de\/?page_id=60","title":{"rendered":"Auftritte"},"content":{"rendered":"\t\t<div data-elementor-type=\"wp-page\" data-elementor-id=\"60\" class=\"elementor elementor-60\">\n\t\t\t\t<div class=\"elementor-element elementor-element-ba81291 e-flex e-con-boxed e-con e-parent\" data-id=\"ba81291\" data-element_type=\"container\">\n\t\t\t\t\t<div class=\"e-con-inner\">\n\t\t\t\t<div class=\"elementor-element elementor-element-24d0a60 elementor-widget elementor-widget-heading\" data-id=\"24d0a60\" data-element_type=\"widget\" data-widget_type=\"heading.default\">\n\t\t\t\t<div class=\"elementor-widget-container\">\n\t\t\t\t\t<h2 class=\"elementor-heading-title elementor-size-default\">Aktuelles Projekt<\/h2>\t\t\t\t<\/div>\n\t\t\t\t<\/div>\n\t\t\t\t\t<\/div>\n\t\t\t\t<\/div>\n\t\t<div class=\"elementor-element elementor-element-e78dac2 e-flex e-con-boxed e-con e-parent\" data-id=\"e78dac2\" data-element_type=\"container\">\n\t\t\t\t\t<div class=\"e-con-inner\">\n\t\t\t\t<div class=\"elementor-element elementor-element-79bfb2a elementor-widget elementor-widget-image\" data-id=\"79bfb2a\" data-element_type=\"widget\" data-widget_type=\"image.default\">\n\t\t\t\t<div class=\"elementor-widget-container\">\n\t\t\t\t\t\t\t\t\t\t\t\t\t\t\t<img fetchpriority=\"high\" decoding=\"async\" width=\"806\" height=\"1024\" src=\"https:\/\/mls-musical.de\/wp-content\/uploads\/2025\/04\/alice-806x1024.png\" class=\"attachment-large size-large wp-image-7\" alt=\"\" srcset=\"https:\/\/mls-musical.de\/wp-content\/uploads\/2025\/04\/alice-806x1024.png 806w, https:\/\/mls-musical.de\/wp-content\/uploads\/2025\/04\/alice-236x300.png 236w, https:\/\/mls-musical.de\/wp-content\/uploads\/2025\/04\/alice-768x976.png 768w, https:\/\/mls-musical.de\/wp-content\/uploads\/2025\/04\/alice-600x762.png 600w, https:\/\/mls-musical.de\/wp-content\/uploads\/2025\/04\/alice.png 984w\" sizes=\"100vw\" \/>\t\t\t\t\t\t\t\t\t\t\t\t\t\t\t<\/div>\n\t\t\t\t<\/div>\n\t\t\t\t<div class=\"elementor-element elementor-element-37ba16d elementor-widget elementor-widget-text-editor\" data-id=\"37ba16d\" data-element_type=\"widget\" data-widget_type=\"text-editor.default\">\n\t\t\t\t<div class=\"elementor-widget-container\">\n\t\t\t\t\t\t\t\t\t<p>Unser aktuelles Projekt ist das Musical &#8220;<strong>Alice by Heart<\/strong>&#8221; in der deutschen Fassung. Es ist <strong>am 26. und 27. Juni um 19:30Uhr im KFZ<\/strong> zu sehen.<br>Der Einlass ist eine halbe Stunde vor Beginn<\/p>\n<p>Tickets k\u00f6nnen Montags und Freitags von 11:20 bis 11:40 in der Cafeteria der Martin Luther Schule Marburg gekauft werden. (Normal: 13\u20ac; Erm\u00e4\u00dfigt: 9\u20ac)<\/p>\n<p>Altenativ k\u00f6nnen Tickets online unter <a href=\"http:\/\/tickets.mls-musical.de\" target=\"_blank\" rel=\"noopener\">tickets.mls-musical.de<\/a> gekauft werden. (Bitte beachten sie, dass wir aus rechtlichen Gr\u00fcnden beim Online-Kauf nur \u00dcberweisungen akzeptieren k\u00f6nnen)<\/p>\n<p><br><\/p><br>\t\t\t\t\t\t\t\t<\/div>\n\t\t\t\t<\/div>\n\t\t\t\t\t<\/div>\n\t\t\t\t<\/div>\n\t\t<div class=\"elementor-element elementor-element-c396d10 e-flex e-con-boxed e-con e-parent\" data-id=\"c396d10\" data-element_type=\"container\">\n\t\t\t\t\t<div class=\"e-con-inner\">\n\t\t\t\t<div class=\"elementor-element elementor-element-22656b5 elementor-widget elementor-widget-heading\" data-id=\"22656b5\" data-element_type=\"widget\" data-widget_type=\"heading.default\">\n\t\t\t\t<div class=\"elementor-widget-container\">\n\t\t\t\t\t<h2 class=\"elementor-heading-title elementor-size-default\">Neuigkeiten<\/h2>\t\t\t\t<\/div>\n\t\t\t\t<\/div>\n\t\t\t\t<div class=\"elementor-element elementor-element-7936574 elementor-grid-3 elementor-grid-tablet-2 elementor-grid-mobile-1 elementor-widget elementor-widget-wpzoom-elementor-addons-posts-grid\" data-id=\"7936574\" data-element_type=\"widget\" data-settings=\"{&quot;columns&quot;:&quot;3&quot;,&quot;columns_tablet&quot;:&quot;2&quot;,&quot;columns_mobile&quot;:&quot;1&quot;}\" data-widget_type=\"wpzoom-elementor-addons-posts-grid.default\">\n\t\t\t\t<div class=\"elementor-widget-container\">\n\t\t\t\t\t\t\t<div \n\t\t\tclass=\"wpz-grid\" \n\t\t\tdata-uid=\"7936574\"\n\t\t\tdata-offset=\"3\"\n\t\t\tdata-posts-grid='{\"posts_per_page\":3,\"post_status\":\"publish\",\"paged\":1,\"post__not_in\":[],\"ignore_sticky_posts\":true,\"category_name\":\"\",\"no_found_rows\":true,\"orderby\":\"post_date\",\"order\":\"desc\",\"offset\":3,\"show_image\":\"yes\",\"post_thumbnail_size\":\"full\",\"show_title\":\"yes\",\"title_tag\":\"h3\",\"meta_data\":[\"date\"],\"show_excerpt\":\"yes\",\"excerpt_length\":25,\"show_read_more\":\"yes\",\"read_more_text\":\"Mehr lesen \\u00bb\",\"grid_style\":\"5\",\"total\":0}'>\n\t\t\t\t\t\t<div class=\"wpz-grid-container elementor-grid wpz-grid-desktop-3  wpz-grid-tablet-2  wpz-grid-mobile-1  grid-meta-bottom\">\n\t\t\t\t\n        <article id=\"post-145\" class=\"wpz-post post-145 post type-post status-publish format-standard hentry category-auftritte\">\n         \n            <div class=\"post-grid-inner\">\n            \t\n            \t\n                <div class=\"post-grid-text-wrap\">\n               \t\t\t\t<h3 class=\"title\">\n\t\t\t<a href=\"https:\/\/mls-musical.de\/?p=145\" title=\"Auff\u00fchrung des Musicals Alice by Heart\">Auff\u00fchrung des Musicals Alice by Heart<\/a>\n\t\t<\/h3>\n\t\t\t                <div class=\"post-grid-excerpt\"><p>Die Musical AG f\u00fchrt das Musical \u201cAlice by Heart\u201d am 26.06.25 und 27.06.25 im KFZ Marburg auf.<\/p>\n<\/div>\t                <a class=\"read-more-btn\" href=\"https:\/\/mls-musical.de\/?p=145\">Mehr lesen \u00bb<\/a>                <\/div>\n\n                \t\t<div class=\"post-grid-meta\">\n\t\t\t<span class=\"post-date\">May 9, 2025<\/span>\t\t<\/div>\n\t\t\n            <\/div><!-- .blog-inner -->\n           \n        <\/article>\n\n        \t\t\t<\/div>\n\n\t\t\t\t\t\t\t\t\n\t\t<\/div><!-- \/\/.wpz-grid -->\n\t\t\t\t\t\t<\/div>\n\t\t\t\t<\/div>\n\t\t\t\t\t<\/div>\n\t\t\t\t<\/div>\n\t\t\t\t<\/div>\n\t\t","protected":false},"excerpt":{"rendered":"<p>Aktuelles Projekt Unser aktuelles Projekt ist das Musical &#8220;Alice by Heart&#8221; in der deutschen Fassung. Es ist am 26. und 27. Juni um 19:30Uhr im KFZ zu sehen.Der Einlass ist eine halbe Stunde vor Beginn Tickets k\u00f6nnen Montags und Freitags von 11:20 bis 11:40 in der Cafeteria der Martin Luther Schule Marburg gekauft werden. (Normal: &hellip; <\/p>\n<p class=\"link-more\"><a href=\"https:\/\/mls-musical.de\/?p=145\" class=\"more-link\">Read more<span class=\"screen-reader-text\"> &#8220;Auff\u00fchrung des Musicals Alice by Heart&#8221;<\/span><\/a><\/p>\n","protected":false},"author":1,"featured_media":0,"parent":0,"menu_order":0,"comment_status":"closed","ping_status":"closed","template":"","meta":{"footnotes":""},"class_list":["post-60","page","type-page","status-publish","hentry"],"featured_media_urls":[],"_links":{"self":[{"href":"https:\/\/mls-musical.de\/index.php?rest_route=\/wp\/v2\/pages\/60","targetHints":{"allow":["GET"]}}],"collection":[{"href":"https:\/\/mls-musical.de\/index.php?rest_route=\/wp\/v2\/pages"}],"about":[{"href":"https:\/\/mls-musical.de\/index.php?rest_route=\/wp\/v2\/types\/page"}],"author":[{"embeddable":true,"href":"https:\/\/mls-musical.de\/index.php?rest_route=\/wp\/v2\/users\/1"}],"replies":[{"embeddable":true,"href":"https:\/\/mls-musical.de\/index.php?rest_route=%2Fwp%2Fv2%2Fcomments&post=60"}],"version-history":[{"count":5,"href":"https:\/\/mls-musical.de\/index.php?rest_route=\/wp\/v2\/pages\/60\/revisions"}],"predecessor-version":[{"id":179,"href":"https:\/\/mls-musical.de\/index.php?rest_route=\/wp\/v2\/pages\/60\/revisions\/179"}],"wp:attachment":[{"href":"https:\/\/mls-musical.de\/index.php?rest_route=%2Fwp%2Fv2%2Fmedia&parent=60"}],"curies":[{"name":"wp","href":"https:\/\/api.w.org\/{rel}","templated":true}]}}